{"id":436,"date":"2019-12-23T19:18:47","date_gmt":"2019-12-23T18:18:47","guid":{"rendered":"https:\/\/2020.valladolid.wordcamp.org\/?page_id=436"},"modified":"2020-01-20T00:07:45","modified_gmt":"2020-01-19T23:07:45","slug":"ponente","status":"publish","type":"page","link":"https:\/\/valladolid.wordcamp.org\/2020\/colabora\/ponente\/","title":{"rendered":"Ponente"},"content":{"rendered":"\n<p class=\"wp-block-paragraph\">En WordCamp Valladolid 2020 apostamos por un evento que descubra WordPress y su comunidad a los m\u00e1s noveles, que interese a los veteranos y que desaf\u00ede a los expertos.<\/p>\n\n\n\n<p class=\"wp-block-paragraph\">Tendremos 3 tipos de formatos para que puedas presentar tu ponencia:<\/p>\n\n\n\n<ul class=\"wp-block-list\"><li>Talleres pr\u00e1cticos de m\u00e1s de 1 hora.<\/li><li>Ponencias de 35 minutos en las que exponer con tiempo.<\/li><li>Charlas r\u00e1pidas de 10 minutos en las que ir al grano.<\/li><\/ul>\n\n\n\n<p class=\"wp-block-paragraph\"><s>Env\u00edanos tu propuesta de ponencia.<\/s><\/p>\n\n\n\n<p class=\"has-text-color has-text-align-center has-accent-color wp-block-paragraph\"><strong>La llamada a ponentes se ha cerrado.<\/strong><br><strong>Muchas gracias<\/strong> a todos los que han enviado la suya. <br>En breve os iremos informando.<\/p>\n\n\n\n<p class=\"wp-block-paragraph\"><\/p>\n","protected":false},"excerpt":{"rendered":"<p>En WordCamp Valladolid 2020 apostamos por un evento que descubra WordPress y su comunidad a los m\u00e1s noveles, que interese a los veteranos y que desaf\u00ede a los expertos. Tendremos 3 tipos de formatos para que puedas presentar tu ponencia: Talleres pr\u00e1cticos de m\u00e1s de 1 hora. Ponencias de 35 minutos en las que exponer [&hellip;]<\/p>\n","protected":false},"author":10392652,"featured_media":0,"parent":399,"menu_order":2,"comment_status":"closed","ping_status":"closed","template":"","meta":{"_crdt_document":"","jetpack_post_was_ever_published":false,"footnotes":""},"class_list":["post-436","page","type-page","status-publish","hentry"],"jetpack_shortlink":"https:\/\/wp.me\/PbrJYO-72","jetpack_sharing_enabled":true,"jetpack_likes_enabled":true,"_links":{"self":[{"href":"https:\/\/valladolid.wordcamp.org\/2020\/wp-json\/wp\/v2\/pages\/436","targetHints":{"allow":["GET"]}}],"collection":[{"href":"https:\/\/valladolid.wordcamp.org\/2020\/wp-json\/wp\/v2\/pages"}],"about":[{"href":"https:\/\/valladolid.wordcamp.org\/2020\/wp-json\/wp\/v2\/types\/page"}],"author":[{"embeddable":true,"href":"https:\/\/valladolid.wordcamp.org\/2020\/wp-json\/wp\/v2\/users\/10392652"}],"replies":[{"embeddable":true,"href":"https:\/\/valladolid.wordcamp.org\/2020\/wp-json\/wp\/v2\/comments?post=436"}],"version-history":[{"count":11,"href":"https:\/\/valladolid.wordcamp.org\/2020\/wp-json\/wp\/v2\/pages\/436\/revisions"}],"predecessor-version":[{"id":1633,"href":"https:\/\/valladolid.wordcamp.org\/2020\/wp-json\/wp\/v2\/pages\/436\/revisions\/1633"}],"up":[{"embeddable":true,"href":"https:\/\/valladolid.wordcamp.org\/2020\/wp-json\/wp\/v2\/pages\/399"}],"wp:attachment":[{"href":"https:\/\/valladolid.wordcamp.org\/2020\/wp-json\/wp\/v2\/media?parent=436"}],"curies":[{"name":"wp","href":"https:\/\/api.w.org\/{rel}","templated":true}]}}