{"id":433,"date":"2019-12-23T18:54:41","date_gmt":"2019-12-23T17:54:41","guid":{"rendered":"https:\/\/2020.valladolid.wordcamp.org\/?page_id=433"},"modified":"2020-01-25T12:18:06","modified_gmt":"2020-01-25T11:18:06","slug":"voluntario","status":"publish","type":"page","link":"https:\/\/valladolid.wordcamp.org\/2020\/colabora\/voluntario\/","title":{"rendered":"Voluntario"},"content":{"rendered":"\n<p class=\"wp-block-paragraph\">El alma de una WordCamp es su equipo de voluntarios. Apasionados de la comunidad WordPress que dedican su tiempo libre a organizar y llevar a buen fin un evento de difusi\u00f3n del software libre.<\/p>\n\n\n\n<p class=\"wp-block-paragraph\">Como voluntario vivir\u00e1s el evento desde dentro, tendr\u00e1s la entrada gratis, llevar\u00e1s una camiseta exclusiva y el agradecimiento de toda la comunidad WordPress.<\/p>\n\n\n\n<p class=\"wp-block-paragraph\">Formas de colaborar como voluntario hay muchas, si eres experto en alguna tarea de comunicaci\u00f3n, organizaci\u00f3n de eventos, fotograf\u00eda, v\u00eddeo, traducci\u00f3n, o algo que creas que puede ser \u00fatil no te olvides de indicarlo en el formulario.<\/p>\n\n\n\n<p class=\"wp-block-paragraph\">Si te animas a colaborar rellena este formulario y nos pondremos en contacto contigo.<\/p>\n\n\n\n<p style=\"color:#991c50\" class=\"has-text-color has-text-align-center wp-block-paragraph\"><strong>La llamada a voluntarios se ha cerrado.<\/strong><br><strong>Muchas gracias<\/strong> a todos.  <br>En breve os iremos informando.<\/p>\n","protected":false},"excerpt":{"rendered":"<p>El alma de una WordCamp es su equipo de voluntarios. Apasionados de la comunidad WordPress que dedican su tiempo libre a organizar y llevar a buen fin un evento de difusi\u00f3n del software libre. Como voluntario vivir\u00e1s el evento desde dentro, tendr\u00e1s la entrada gratis, llevar\u00e1s una camiseta exclusiva y el agradecimiento de toda la [&hellip;]<\/p>\n","protected":false},"author":10392652,"featured_media":0,"parent":399,"menu_order":1,"comment_status":"closed","ping_status":"closed","template":"","meta":{"_crdt_document":"","jetpack_post_was_ever_published":false,"footnotes":""},"class_list":["post-433","page","type-page","status-publish","hentry"],"jetpack_shortlink":"https:\/\/wp.me\/PbrJYO-6Z","jetpack_sharing_enabled":true,"jetpack_likes_enabled":true,"_links":{"self":[{"href":"https:\/\/valladolid.wordcamp.org\/2020\/wp-json\/wp\/v2\/pages\/433","targetHints":{"allow":["GET"]}}],"collection":[{"href":"https:\/\/valladolid.wordcamp.org\/2020\/wp-json\/wp\/v2\/pages"}],"about":[{"href":"https:\/\/valladolid.wordcamp.org\/2020\/wp-json\/wp\/v2\/types\/page"}],"author":[{"embeddable":true,"href":"https:\/\/valladolid.wordcamp.org\/2020\/wp-json\/wp\/v2\/users\/10392652"}],"replies":[{"embeddable":true,"href":"https:\/\/valladolid.wordcamp.org\/2020\/wp-json\/wp\/v2\/comments?post=433"}],"version-history":[{"count":5,"href":"https:\/\/valladolid.wordcamp.org\/2020\/wp-json\/wp\/v2\/pages\/433\/revisions"}],"predecessor-version":[{"id":773,"href":"https:\/\/valladolid.wordcamp.org\/2020\/wp-json\/wp\/v2\/pages\/433\/revisions\/773"}],"up":[{"embeddable":true,"href":"https:\/\/valladolid.wordcamp.org\/2020\/wp-json\/wp\/v2\/pages\/399"}],"wp:attachment":[{"href":"https:\/\/valladolid.wordcamp.org\/2020\/wp-json\/wp\/v2\/media?parent=433"}],"curies":[{"name":"wp","href":"https:\/\/api.w.org\/{rel}","templated":true}]}}