{"id":402,"date":"2019-12-23T11:24:04","date_gmt":"2019-12-23T10:24:04","guid":{"rendered":"https:\/\/2020.valladolid.wordcamp.org\/?page_id=402"},"modified":"2020-03-02T13:01:44","modified_gmt":"2020-03-02T12:01:44","slug":"patrocinador","status":"publish","type":"page","link":"https:\/\/valladolid.wordcamp.org\/2020\/colabora\/patrocinador\/","title":{"rendered":"Patrocinador"},"content":{"rendered":"\n<p class=\"wp-block-paragraph\">Los patrocinadores sois los responsables de que podamos disfrutar de una WordCamp de categor\u00eda. <strong>\u00bfQu\u00e9 har\u00edamos sin vosotros?<\/strong><\/p>\n\n\n\n<p class=\"wp-block-paragraph\">Gracias a vuestro apoyo es posible afrontar los gastos y disfrutar de unas entradas m\u00e1s accesibles que democraticen el acceso a todas las personas interesadas.<\/p>\n\n\n\n<p class=\"wp-block-paragraph\">Al <strong>patrocinar la WordCamp Valladolid 2020<\/strong>, estar\u00e1s dando un apoyo de valor incalculable a la comunidad de WordPress de la regi\u00f3n, y <strong>mostrar\u00e1s tu marca<\/strong> y tus productos o servicios a una audiencia en constante crecimiento compuesta por desarrolladores, dise\u00f1adores, bloggers, publicadores, editores, emprendedores, administradores de sitios web, y muchos m\u00e1s.<\/p>\n\n\n\n<p class=\"wp-block-paragraph\">Ten en cuenta que es <strong>la primera WordCamp en Castilla y Le\u00f3n<\/strong> y en Valladolid, lo que har\u00e1 que esta WordCamp permanezca en el recuerdo de todos, <strong>\u00bfte apuntas?<\/strong><\/p>\n\n\n\n<p style=\"background-color:#991c50\" class=\"has-text-color has-background has-text-align-center has-large-font-size has-background-color wp-block-paragraph\"><a rel=\"noreferrer noopener\" aria-label=\" (abre en una nueva pesta\u00f1a)\" href=\"https:\/\/2020.valladolid.wordcamp.org\/files\/2019\/12\/Doc-Patrocinios-WordCamp-Valladolid-2020.pdf\" target=\"_blank\">Aqu\u00ed tienes nuestro dossier para patrocinadores<\/a><\/p>\n\n\n\n<p class=\"wp-block-paragraph\">Tenemos 3 niveles de patrocinio para acomodar cualquier opci\u00f3n y si tienes otras ideas ponte en <a href=\"https:\/\/2020.valladolid.wordcamp.org\/contacto\/\">contacto<\/a> con nosotros y lo hablamos.<\/p>\n\n\n\n<h3 class=\"has-text-color wp-block-heading\" style=\"color:#991c50\"><strong>GRAN RESERVA<\/strong> (1200\u20ac)<\/h3>\n\n\n\n<p class=\"has-text-color has-background has-normal-font-size has-accent-color has-subtle-background-background-color wp-block-paragraph\"><s>4 Disponibles <\/s> <s>2 Disponibles<\/s> 1 Disponible<\/p>\n\n\n\n<ul class=\"wp-block-list\"><li>Logotipo grande en web<\/li><li>Presencia alta en redes sociales<\/li><li>Post de agradecimiento<\/li><li>P\u00e1gina espec\u00edfica en la web<\/li><li>Logotipo en roll up oficial, carteles, acreditaci\u00f3n, proyectado en pantalla del auditorio, en lona exterior gigante.<\/li><li>Menci\u00f3n en apertura y cierre<\/li><li>2 Flyers + 2 items en bolsa de bienvenida<\/li><li>Logotipo en roll up escenario auditorio<\/li><li>Posibilidad de realizar sorteo<\/li><li>3 entradas<\/li><li>2 invitaciones cena previa<\/li><\/ul>\n\n\n\n<h3 class=\"has-text-color wp-block-heading\" style=\"color:#e28f83\"><strong>RESERVA<\/strong> (800\u20ac)<\/h3>\n\n\n\n<p class=\"has-text-color has-background has-normal-font-size has-accent-color has-subtle-background-background-color wp-block-paragraph\"><s>6 Disponibles <\/s> <s>4 Disponibles<\/s> <s>2 Disponibles<\/s> \u00a1Todo vendido!<\/p>\n\n\n\n<ul class=\"wp-block-list\"><li>Logotipo mediano en web<\/li><li>Presencia media en redes sociales<\/li><li>Post de agradecimiento<\/li><li>P\u00e1gina espec\u00edfica en la web<\/li><li>Logotipo en roll up oficial, carteles, acreditaci\u00f3n, proyectado en pantalla del auditorio, en lona exterior gigante.<\/li><li>Menci\u00f3n en apertura y cierre<\/li><li>1 Flyer + 1 item en bolsa de bienvenida<\/li><li>Logotipo en roll up escenario auditorio<\/li><li>2 entradas<\/li><li>1 invitaci\u00f3n cena previa<\/li><\/ul>\n\n\n\n<h3 class=\"has-text-color wp-block-heading\" style=\"color:#7fb73e\"><strong>CRIANZA<\/strong> (400\u20ac)<\/h3>\n\n\n\n<p class=\"has-text-color has-background has-normal-font-size has-accent-color has-subtle-background-background-color wp-block-paragraph\"><s>6 Disponibles <\/s> <s>5 Disponibles<\/s> 2 Disponibles<\/p>\n\n\n\n<ul class=\"wp-block-list\"><li>Logotipo peque\u00f1o en web<\/li><li>Presencia b\u00e1sica en redes sociales<\/li><li>Post de agradecimiento<\/li><li>P\u00e1gina espec\u00edfica en la web<\/li><li>Logotipo en roll up oficial, carteles, proyectado en pantalla del auditorio, en lona exterior gigante<\/li><li>1 item en bolsa de bienvenida<\/li><li>1 entrada<\/li><li>1 invitaci\u00f3n cena previa<\/li><\/ul>\n\n\n\n<h3 class=\"wp-block-heading\"><strong>GOURMET. Patrocinio After Party <\/strong><\/h3>\n\n\n\n<p class=\"has-text-color has-background has-normal-font-size has-accent-color has-subtle-background-background-color wp-block-paragraph\">1 Disponible &#8211; <strong><a href=\"https:\/\/2020.valladolid.wordcamp.org\/contacto\/\">Contacta con nosotros<\/a><\/strong><\/p>\n\n\n\n<ul class=\"wp-block-list\"><li>Logotipo grande en web<\/li><li>Presencia alta en redes sociales<\/li><li>Post de agradecimiento<\/li><li>P\u00e1gina espec\u00edfica en la web<\/li><li>Roll up en zona After Party<\/li><\/ul>\n\n\n\n<h4 class=\"wp-block-heading\"><strong>MICROSPONSOR<\/strong> (50\u20ac)<\/h4>\n\n\n\n<ul class=\"wp-block-list\"><li>Logotipo peque\u00f1o en web<\/li><li>Presencia b\u00e1sica en redes sociales<\/li><li>1 entrada<\/li><\/ul>\n\n\n\n<h3 class=\"wp-block-heading\"><strong>PATROCINIOS EN ESPECIE<\/strong><\/h3>\n\n\n\n<p class=\"wp-block-paragraph\">Para la organizaci\u00f3n del evento necesitamos pagar diferentes cosas:<\/p>\n\n\n\n<p class=\"wp-block-paragraph\">Comida, bebida, impresiones, acreditaciones, camisetas, pegatinas, regalos para los ponentes, conexi\u00f3n a internet, localizaci\u00f3n, etc.<\/p>\n\n\n\n<p class=\"wp-block-paragraph\">Tambi\u00e9n un servicio de ludoteca infantil.<\/p>\n\n\n\n<p class=\"wp-block-paragraph\">Si puedes proveer un equivalente a estos recursos que necesitamos podemos aceptar un patrocinio en especie que ayude a celebrar el evento.<\/p>\n\n\n\n<h3 class=\"wp-block-heading\"><strong>OTRAS FORMAS DE PATROCINAR<\/strong><\/h3>\n\n\n\n<p class=\"wp-block-paragraph\">Si buscabas patrocinar de alguna otra forma que no aparece aqu\u00ed, por favor <a href=\"https:\/\/2020.valladolid.wordcamp.org\/contacto\/\">contacta<\/a> con nosotros y cu\u00e9ntanos tu oferta. La intenci\u00f3n es devolver todo lo que podamos a la comunidad de WordPress, as\u00ed que estaremos encantados de trabajar contigo para conseguirlo.<\/p>\n\n\n\n<div style=\"height:100px\" aria-hidden=\"true\" class=\"wp-block-spacer\"><\/div>\n\n\n\n<p class=\"has-background has-text-align-center has-subtle-background-background-color wp-block-paragraph\"><strong>La llamada a patrocinadores se ha cerrado. Gracias por tu inter\u00e9s.<\/strong><\/p>\n\n\n\n<p class=\"has-small-font-size wp-block-paragraph\"><s>Tras enviar este formulario de alta, y por orden de llegada, bloquearemos temporalmente el nivel de patrocinio que has solicitado y te enviaremos una factura en nombre de la Fundaci\u00f3n WordPress para su abono. En cuanto la fundaci\u00f3n haya podido contabilizar el ingreso (alrededor de 2-4 d\u00edas laborables) tu patrocinio ser\u00e1 publicado y formar\u00e1s oficialmente parte de nuestros patrocinadores con todas las ventajas que ello conlleva.<\/s><br><\/p>\n\n\n\n<p class=\"wp-block-paragraph\"><strong>\u00bfC\u00f3mo puedo hacer llegar los materiales que necesito para mi puesto?<\/strong><\/p>\n\n\n\n<p class=\"wp-block-paragraph\">Tienes las siguientes formas de hacerlo:<\/p>\n\n\n\n<ul class=\"wp-block-list\"><li>Puedes traerlos y llevarlos t\u00fa mismo en el mismo d\u00eda, o gestionar con una empresa de log\u00edstica para que lo haga.<\/li><li>Puedes hacerlo llegar a la direcci\u00f3n de un voluntario del equipo de patrocinadores y \u00e9l se encargar\u00e1 de hacerlo llegar el d\u00eda del evento. Podr\u00e1s enviarlo hasta una semana antes y ordenar su recogida hasta una semana despu\u00e9s del evento. En este caso debemos dejar claro que no nos podemos responsabilizar de cualquier da\u00f1o o p\u00e9rdida que pueda existir en los materiales.<\/li><\/ul>\n\n\n\n<p class=\"wp-block-paragraph\"><strong>\u00bfCu\u00e1nto tiempo de montaje\/desmontaje hay disponible?<\/strong><\/p>\n\n\n\n<p class=\"wp-block-paragraph\">Aproximadamente 1 hora para montaje y 1 hora para desmontaje (empezando a desmontar durante la charla de despedida).<\/p>\n\n\n\n<div style=\"height:100px\" aria-hidden=\"true\" class=\"wp-block-spacer\"><\/div>\n\n\n\n<p style=\"background-color:#f1f1f1\" class=\"has-background has-small-font-size wp-block-paragraph\">Condiciones de patrocinio v\u00e1lidas salvo error tipogr\u00e1fico u omisi\u00f3n. Para cualquier aclaraci\u00f3n o consulta, contacta con nosotros.<br>M\u00e1s informaci\u00f3n en el dossier.<\/p>\n","protected":false},"excerpt":{"rendered":"<p>Los patrocinadores sois los responsables de que podamos disfrutar de una WordCamp de categor\u00eda. \u00bfQu\u00e9 har\u00edamos sin vosotros? Gracias a vuestro apoyo es posible afrontar los gastos y disfrutar de unas entradas m\u00e1s accesibles que democraticen el acceso a todas las personas interesadas. Al patrocinar la WordCamp Valladolid 2020, estar\u00e1s dando un apoyo de valor [&hellip;]<\/p>\n","protected":false},"author":10392652,"featured_media":0,"parent":399,"menu_order":0,"comment_status":"closed","ping_status":"closed","template":"","meta":{"_crdt_document":"","jetpack_post_was_ever_published":false,"footnotes":""},"class_list":["post-402","page","type-page","status-publish","hentry"],"jetpack_shortlink":"https:\/\/wp.me\/PbrJYO-6u","jetpack_sharing_enabled":true,"jetpack_likes_enabled":true,"_links":{"self":[{"href":"https:\/\/valladolid.wordcamp.org\/2020\/wp-json\/wp\/v2\/pages\/402","targetHints":{"allow":["GET"]}}],"collection":[{"href":"https:\/\/valladolid.wordcamp.org\/2020\/wp-json\/wp\/v2\/pages"}],"about":[{"href":"https:\/\/valladolid.wordcamp.org\/2020\/wp-json\/wp\/v2\/types\/page"}],"author":[{"embeddable":true,"href":"https:\/\/valladolid.wordcamp.org\/2020\/wp-json\/wp\/v2\/users\/10392652"}],"replies":[{"embeddable":true,"href":"https:\/\/valladolid.wordcamp.org\/2020\/wp-json\/wp\/v2\/comments?post=402"}],"version-history":[{"count":26,"href":"https:\/\/valladolid.wordcamp.org\/2020\/wp-json\/wp\/v2\/pages\/402\/revisions"}],"predecessor-version":[{"id":1596,"href":"https:\/\/valladolid.wordcamp.org\/2020\/wp-json\/wp\/v2\/pages\/402\/revisions\/1596"}],"up":[{"embeddable":true,"href":"https:\/\/valladolid.wordcamp.org\/2020\/wp-json\/wp\/v2\/pages\/399"}],"wp:attachment":[{"href":"https:\/\/valladolid.wordcamp.org\/2020\/wp-json\/wp\/v2\/media?parent=402"}],"curies":[{"name":"wp","href":"https:\/\/api.w.org\/{rel}","templated":true}]}}