{"id":122,"date":"2019-11-11T12:32:03","date_gmt":"2019-11-11T11:32:03","guid":{"rendered":"https:\/\/2020.valladolid.wordcamp.org\/?page_id=122"},"modified":"2019-12-24T11:29:26","modified_gmt":"2019-12-24T10:29:26","slug":"evento","status":"publish","type":"page","link":"https:\/\/valladolid.wordcamp.org\/2020\/evento\/","title":{"rendered":"El evento"},"content":{"rendered":"\n<h2 class=\"wp-block-heading\">\u00bfQu\u00e9 es una WordCamp?<\/h2>\n\n\n\n<p class=\"wp-block-paragraph\">WordCamp Valladolid es un <strong>evento sin \u00e1nimo de lucro<\/strong> de dos d\u00edas de duraci\u00f3n (un fin de semana) centrado en WordPress y <strong>organizado por los voluntarios<\/strong> de la comunidad de WordPress Valladolid con el apoyo de la WordPress Foundation, organizaci\u00f3n internacional con amplia experiencia en estos eventos a lo largo y ancho de todo el mundo.<\/p>\n\n\n\n<p class=\"wp-block-paragraph\">Su objetivo es <strong>ser asequible<\/strong> para permitir a todo el mundo asistir, conocer a gente, <strong>compartir<\/strong> y <strong>aprender<\/strong>.<\/p>\n\n\n\n<p class=\"wp-block-paragraph\">En una WordCamp se comparten ideas gracias a ponencias de todo  tipo. Se busca acercar el conocimiento y la experiencia de los ponentes sobre cualquier tema relacionado con WordPress a todos los asistentes, independientemente del nivel de conocimiento que tengan en: <\/p>\n\n\n\n<ul class=\"wp-block-list\"><li>desarrollo web<\/li><li>dise\u00f1o<\/li><li>marketing<\/li><li>blogs<\/li><li>negocios<\/li><li>accesibilidad<\/li><li>redes sociales<\/li><li>comercio electr\u00f3nico<\/li><li>etc.<\/li><\/ul>\n\n\n\n<p class=\"wp-block-paragraph\"><\/p>\n","protected":false},"excerpt":{"rendered":"<p>\u00bfQu\u00e9 es una WordCamp? WordCamp Valladolid es un evento sin \u00e1nimo de lucro de dos d\u00edas de duraci\u00f3n (un fin de semana) centrado en WordPress y organizado por los voluntarios de la comunidad de WordPress Valladolid con el apoyo de la WordPress Foundation, organizaci\u00f3n internacional con amplia experiencia en estos eventos a lo largo y [&hellip;]<\/p>\n","protected":false},"author":10392652,"featured_media":0,"parent":0,"menu_order":1,"comment_status":"closed","ping_status":"closed","template":"","meta":{"_crdt_document":"","jetpack_post_was_ever_published":false,"footnotes":""},"class_list":["post-122","page","type-page","status-publish","hentry"],"jetpack_shortlink":"https:\/\/wp.me\/PbrJYO-1Y","jetpack_sharing_enabled":true,"jetpack_likes_enabled":true,"_links":{"self":[{"href":"https:\/\/valladolid.wordcamp.org\/2020\/wp-json\/wp\/v2\/pages\/122","targetHints":{"allow":["GET"]}}],"collection":[{"href":"https:\/\/valladolid.wordcamp.org\/2020\/wp-json\/wp\/v2\/pages"}],"about":[{"href":"https:\/\/valladolid.wordcamp.org\/2020\/wp-json\/wp\/v2\/types\/page"}],"author":[{"embeddable":true,"href":"https:\/\/valladolid.wordcamp.org\/2020\/wp-json\/wp\/v2\/users\/10392652"}],"replies":[{"embeddable":true,"href":"https:\/\/valladolid.wordcamp.org\/2020\/wp-json\/wp\/v2\/comments?post=122"}],"version-history":[{"count":6,"href":"https:\/\/valladolid.wordcamp.org\/2020\/wp-json\/wp\/v2\/pages\/122\/revisions"}],"predecessor-version":[{"id":456,"href":"https:\/\/valladolid.wordcamp.org\/2020\/wp-json\/wp\/v2\/pages\/122\/revisions\/456"}],"wp:attachment":[{"href":"https:\/\/valladolid.wordcamp.org\/2020\/wp-json\/wp\/v2\/media?parent=122"}],"curies":[{"name":"wp","href":"https:\/\/api.w.org\/{rel}","templated":true}]}}