{"id":12,"date":"2019-11-06T14:29:17","date_gmt":"2019-11-06T13:29:17","guid":{"rendered":"https:\/\/2020.valladolid.wordcamp.org\/organizers\/"},"modified":"2020-02-03T18:11:11","modified_gmt":"2020-02-03T17:11:11","slug":"organizadores","status":"publish","type":"page","link":"https:\/\/valladolid.wordcamp.org\/2020\/evento\/organizadores\/","title":{"rendered":"Organizadores"},"content":{"rendered":"<ul class=\"wordcamp-block wordcamp-post-list has-layout-list wordcamp-organizers\"><li class=\"wordcamp-post-list__post wordcamp-clearfix\">\n<div class=\"wordcamp-organizer wordcamp-organizers__post slug-berta-minguela\">\n\t<h3 class=\"wordcamp-block__item-title wordcamp-organizers__title\" style=\"text-align:left\">Berta Minguela<\/h3>\n\t\t\t<div class=\"wordcamp-image__avatar-container align-left\">\n\t\t\t<img decoding=\"async\" src=\"https:\/\/secure.gravatar.com\/avatar\/af9f6b39c8c9d5910aef58c37249eea17ae44ccae2ea85bba16beea9a06546e1?s=150&amp;d=mm&amp;r=g\" alt=\"Avatar de Berta Minguela\" \/>\t\t<\/div>\n\t\n\t\t\t<div class=\"wordcamp-block__item-content wordcamp-organizers__content is-full\"><p class=\"wp-block-paragraph\">El destino y el trabajo hacen que una Segoviana viva en Valladolid.<\/p>\n<p class=\"wp-block-paragraph\">Mi experiencia en la inform\u00e1tica es amplia ya que he estado trabajando como servicio t\u00e9cnico, como programadora y ahora administradora de contenidos.<\/p>\n<p class=\"wp-block-paragraph\">He realizado diferentes proyectos en WordPress tanto particulares como profesionales.<\/p>\n<p class=\"wp-block-paragraph\">Buscando conocer gente en Valladolid encontr\u00e9 el grupo de Meetup WordPress Valladolid del que formo parte de la organizaci\u00f3n, donde cada mes organizamos una meetup.<\/p>\n<p class=\"wp-block-paragraph\">Y cuando me apetece desconectar me pod\u00e9is encontrar por la sierra de Segovia dando un paseo con mis perros o tomando unas ca\u00f1as con los amigos.<\/p>\n<\/div>\t<\/div>\n\n<\/li><li class=\"wordcamp-post-list__post wordcamp-clearfix\">\n<div class=\"wordcamp-organizer wordcamp-organizers__post slug-hector-gallego-blanco\">\n\t<h3 class=\"wordcamp-block__item-title wordcamp-organizers__title\" style=\"text-align:left\">H\u00e9ctor Gallego Blanco<\/h3>\n\t\t\t<div class=\"wordcamp-image__avatar-container align-left\">\n\t\t\t<img decoding=\"async\" src=\"https:\/\/secure.gravatar.com\/avatar\/db2ee444eac049bb800e512a09a92d6879456fecc743ca56ed20314279f55fb8?s=150&amp;d=mm&amp;r=g\" alt=\"Avatar de H\u00e9ctor Gallego Blanco\" \/>\t\t<\/div>\n\t\n\t\t\t<div class=\"wordcamp-block__item-content wordcamp-organizers__content is-full\"><p class=\"wp-block-paragraph\">La aventura comenzo hace m\u00e1s de 6 meses, cuando quise actualizarme en el mundo de WordPress y encontre a un grupo de personas que ofrecian su experiencia en <a href=\"https:\/\/www.meetup.com\/es-ES\/Valladolid-WordPress-Meetup\/\">Valladolid WordPress Meetup<\/a>, y continuo el el viaje con la comunidad siendo voluntario en la #PonteWordCamp. Ahora, me encuentro colaborando para que la primera <strong>WordCamp en Valladolid<\/strong> sea todo un \u00e9xito de participaci\u00f3n. <\/p>\n<\/div>\t<\/div>\n\n<\/li><li class=\"wordcamp-post-list__post wordcamp-clearfix\">\n<div class=\"wordcamp-organizer wordcamp-organizers__post slug-julio-de-la-iglesia\">\n\t<h3 class=\"wordcamp-block__item-title wordcamp-organizers__title\" style=\"text-align:left\">Julio de la Iglesia<\/h3>\n\t\t\t<div class=\"wordcamp-image__avatar-container align-left\">\n\t\t\t<img decoding=\"async\" src=\"https:\/\/secure.gravatar.com\/avatar\/8a78e9b2abe5d30d10fb508bcb6b0b3a30732d8331c2162bb830a9ac5dde53fa?s=150&amp;d=mm&amp;r=g\" alt=\"Avatar de Julio de la Iglesia\" \/>\t\t<\/div>\n\t\n\t\t\t<div class=\"wordcamp-block__item-content wordcamp-organizers__content is-full\"><p class=\"wp-block-paragraph\">Socio en desaf\u00edo digital, empresa en la que nos dedicamos desde hace 15 a\u00f1os al desarrollo web con WordPress y a la formaci\u00f3n en v\u00eddeo digital para que los clientes sepan crear sus propios v\u00eddeos y generen contenidos para potenciar sus productos o servicios. <\/p>\n<p class=\"wp-block-paragraph\">Soy profesor de v\u00eddeo en la plataforma online&nbsp;<a href=\"http:\/\/boluda.com\">boluda.com<\/a>&nbsp;y fundador y coorganizador de la Meetup de WordPress Valladolid, en la que realizamos una meetup cada mes.<\/p>\n<p class=\"wp-block-paragraph\">Adem\u00e1s, junto con mi socio Fernando Portome\u00f1e, tenemos un podcast semanal llamado <em><a href=\"https:\/\/wpcommercefacil.com\" target=\"_blank\" rel=\"noreferrer noopener\" aria-label=\"WPCommerce f\u00e1cil (abre en una nueva pesta\u00f1a)\">WPCommerce f\u00e1cil<\/a><\/em>; y con Francesc Barbero y Augusto Castellano colaboro en otro podcast m\u00e1s, tambi\u00e9n semanal, llamado <em><a href=\"https:\/\/haciendovideos.com\" target=\"_blank\" rel=\"noreferrer noopener\" aria-label=\"Haciendo V\u00eddeos (abre en una nueva pesta\u00f1a)\">Haciendo V\u00eddeos<\/a><\/em> del que os pod\u00e9is suponer cu\u00e1l es la tem\u00e1tica \ud83d\ude09<\/p>\n<\/div>\t<\/div>\n\n<\/li><li class=\"wordcamp-post-list__post wordcamp-clearfix\">\n<div class=\"wordcamp-organizer wordcamp-organizers__post slug-olga-molina\">\n\t<h3 class=\"wordcamp-block__item-title wordcamp-organizers__title\" style=\"text-align:left\">Olga Molina<\/h3>\n\t\t\t<div class=\"wordcamp-image__avatar-container align-left\">\n\t\t\t<img decoding=\"async\" src=\"https:\/\/secure.gravatar.com\/avatar\/b8e251153e74cbdc871287932c0dd40cf6bf9127870b342a68a6fcd792974658?s=150&amp;d=mm&amp;r=g\" alt=\"Avatar de Olga Molina\" \/>\t\t<\/div>\n\t\n\t\t\t<div class=\"wordcamp-block__item-content wordcamp-organizers__content is-full\"><p class=\"wp-block-paragraph\">Soy una emprendedora reinventada. Despu\u00e9s de trabajar durante unos a\u00f1os en la construcci\u00f3n y tras la crisis del sector, di un giro a mi vida profesional y actualmente trabajo como dise\u00f1adora gr\u00e1fica y web freelance en mi propio proyecto <a href=\"https:\/\/olgamolinag.com\/\">olgamolinag.com<\/a>. Tambi\u00e9n soy implementadora de estrategias de email marketing.<\/p>\n<p class=\"wp-block-paragraph\">Utilizo WordPress como una de mis principales herramientas de trabajo desde que la descubr\u00ed. Tambi\u00e9n formo parte del equipo de coorganizadores de la Meetup WordPress Valladolid, donde realizamos una meetup cada mes.<\/p>\n<p class=\"wp-block-paragraph\">Muero de amor por los perros, no podr\u00eda vivir sin m\u00fasica, y cualquier m\u00ednimo detalle saca la mejor de mis sonrisas.<\/p>\n<p class=\"wp-block-paragraph\">Te veo en la WordCamp de Valladolid, \u00a1no olvides saludarme!<\/p>\n<\/div>\t<\/div>\n\n<\/li><li class=\"wordcamp-post-list__post wordcamp-clearfix\">\n<div class=\"wordcamp-organizer wordcamp-organizers__post slug-roberto-vazquez\">\n\t<h3 class=\"wordcamp-block__item-title wordcamp-organizers__title\" style=\"text-align:left\">Roberto V\u00e1zquez<\/h3>\n\t\t\t<div class=\"wordcamp-image__avatar-container align-left\">\n\t\t\t<img decoding=\"async\" src=\"https:\/\/secure.gravatar.com\/avatar\/1177f9728a4b9bd3379230e09d38b5062c54f91cbf026313a4c98c0d49ff50e3?s=150&amp;d=mm&amp;r=g\" alt=\"Avatar de Roberto V\u00e1zquez\" \/>\t\t<\/div>\n\t\n\t\t\t<div class=\"wordcamp-block__item-content wordcamp-organizers__content is-full\"><p class=\"wp-block-paragraph\">Un d\u00eda empec\u00e9 a hablar y desde entonces\u2026<\/p>\n<p class=\"wp-block-paragraph\">Llevo haciendo webs desde el siglo pasado, apasionado de la idea de una web abierta y libre he pasado por todas las etapas del duelo y solo la comunidad de WordPress me da algo de consuelo.<\/p>\n<p class=\"wp-block-paragraph\"><a href=\"https:\/\/vsco.co\/weiko\/journal\" target=\"_blank\" rel=\"noreferrer noopener\" aria-label=\"Viajero (abre en una nueva pesta\u00f1a)\">Viajero<\/a> incansable, entusiasta del caf\u00e9, aficionado al <a href=\"https:\/\/lacronicadesdeelsofa.com\/\" target=\"_blank\" rel=\"noreferrer noopener\" aria-label=\"baloncesto (abre en una nueva pesta\u00f1a)\">baloncesto<\/a>\u2026<\/p>\n<p class=\"wp-block-paragraph\">Ahora sigo haciendo lo que me gusta en desarrollando webs en <a href=\"https:\/\/giga4.team\/\" target=\"_blank\" rel=\"noreferrer noopener\" aria-label=\"GIGA4 (abre en una nueva pesta\u00f1a)\">GIGA4<\/a>.<\/p>\n<\/div>\t<\/div>\n\n<\/li><\/ul>","protected":false},"excerpt":{"rendered":"","protected":false},"author":10392652,"featured_media":0,"parent":122,"menu_order":0,"comment_status":"closed","ping_status":"closed","template":"","meta":{"_crdt_document":"","jetpack_post_was_ever_published":false,"footnotes":""},"class_list":["post-12","page","type-page","status-publish","hentry"],"jetpack_shortlink":"https:\/\/wp.me\/PbrJYO-c","jetpack_sharing_enabled":true,"jetpack_likes_enabled":true,"_links":{"self":[{"href":"https:\/\/valladolid.wordcamp.org\/2020\/wp-json\/wp\/v2\/pages\/12","targetHints":{"allow":["GET"]}}],"collection":[{"href":"https:\/\/valladolid.wordcamp.org\/2020\/wp-json\/wp\/v2\/pages"}],"about":[{"href":"https:\/\/valladolid.wordcamp.org\/2020\/wp-json\/wp\/v2\/types\/page"}],"author":[{"embeddable":true,"href":"https:\/\/valladolid.wordcamp.org\/2020\/wp-json\/wp\/v2\/users\/10392652"}],"replies":[{"embeddable":true,"href":"https:\/\/valladolid.wordcamp.org\/2020\/wp-json\/wp\/v2\/comments?post=12"}],"version-history":[{"count":5,"href":"https:\/\/valladolid.wordcamp.org\/2020\/wp-json\/wp\/v2\/pages\/12\/revisions"}],"predecessor-version":[{"id":1066,"href":"https:\/\/valladolid.wordcamp.org\/2020\/wp-json\/wp\/v2\/pages\/12\/revisions\/1066"}],"up":[{"embeddable":true,"href":"https:\/\/valladolid.wordcamp.org\/2020\/wp-json\/wp\/v2\/pages\/122"}],"wp:attachment":[{"href":"https:\/\/valladolid.wordcamp.org\/2020\/wp-json\/wp\/v2\/media?parent=12"}],"curies":[{"name":"wp","href":"https:\/\/api.w.org\/{rel}","templated":true}]}}