{"id":114,"date":"2019-11-11T12:15:00","date_gmt":"2019-11-11T11:15:00","guid":{"rendered":"https:\/\/2020.valladolid.wordcamp.org\/?page_id=114"},"modified":"2020-03-02T12:56:31","modified_gmt":"2020-03-02T11:56:31","slug":"inicio","status":"publish","type":"page","link":"https:\/\/valladolid.wordcamp.org\/2020\/","title":{"rendered":"WordCamp Valladolid 2020"},"content":{"rendered":"\n<div class=\"wp-block-group alignfull has-background bannerhome\" style=\"background-color:#991c50\"><div class=\"wp-block-group__inner-container is-layout-flow wp-block-group-is-layout-flow\">\n<div class=\"wp-block-image\"><figure class=\"aligncenter size-large is-resized\"><img loading=\"lazy\" decoding=\"async\" src=\"https:\/\/2020.valladolid.wordcamp.org\/files\/2019\/12\/wcvalladolid-logo-principal-blanco.png\" alt=\"WordCamp Valladolid 2020\" class=\"wp-image-210\" width=\"502\" height=\"237\" title=\"\" srcset=\"https:\/\/valladolid.wordcamp.org\/2020\/files\/2019\/12\/wcvalladolid-logo-principal-blanco.png 1004w, https:\/\/valladolid.wordcamp.org\/2020\/files\/2019\/12\/wcvalladolid-logo-principal-blanco-300x141.png 300w, https:\/\/valladolid.wordcamp.org\/2020\/files\/2019\/12\/wcvalladolid-logo-principal-blanco-768x362.png 768w, https:\/\/valladolid.wordcamp.org\/2020\/files\/2019\/12\/wcvalladolid-logo-principal-blanco-500x236.png 500w\" sizes=\"auto, (max-width: 502px) 100vw, 502px\" \/><\/figure><\/div>\n\n\n\n<h3 class=\"has-background-color has-text-color has-text-align-center wp-block-heading\">La primera WordCamp Bisiesta<\/h3>\n<\/div><\/div>\n\n\n\n<h4 class=\"has-text-align-center wp-block-heading\"><strong>WordCamp Valladolid 2020<\/strong><\/h4>\n\n\n\n<p class=\"has-text-align-center has-large-font-size wp-block-paragraph\">\u00a1Ya est\u00e1 aqu\u00ed la <strong>primera WordCamp<\/strong> en Castilla y Le\u00f3n!<\/p>\n\n\n\n<p class=\"has-text-align-center has-large-font-size wp-block-paragraph\">28 y 29 de febrero en el Museo de la Ciencia<\/p>\n\n\n\n<p class=\"has-text-align-center wp-block-paragraph\">Si te gusta <strong>WordPress<\/strong>, el dise\u00f1o, el marketing, el desarrollo, crear contenido, generar negocio, el networking o simplemente quieres una excusa para reunirte con la gran <strong>comunidad<\/strong> de usuarios de WordPress de <strong>Valladolid<\/strong>, Castilla y Le\u00f3n y toda Espa\u00f1a.<\/p>\n\n\n\n<p class=\"has-text-color has-text-align-center has-large-font-size has-accent-color wp-block-paragraph\"><strong>\u00a1Aprende, comparte conocimiento, conoce gente nueva y disfruta del evento!<\/strong><\/p>\n","protected":false},"excerpt":{"rendered":"<p>La primera WordCamp Bisiesta WordCamp Valladolid 2020 \u00a1Ya est\u00e1 aqu\u00ed la primera WordCamp en Castilla y Le\u00f3n! 28 y 29 de febrero en el Museo de la Ciencia Si te gusta WordPress, el dise\u00f1o, el marketing, el desarrollo, crear contenido, generar negocio, el networking o simplemente quieres una excusa para reunirte con la gran comunidad [&hellip;]<\/p>\n","protected":false},"author":10392652,"featured_media":209,"parent":0,"menu_order":0,"comment_status":"closed","ping_status":"closed","template":"templates\/template-full-width.php","meta":{"_crdt_document":"","jetpack_post_was_ever_published":false,"footnotes":""},"class_list":["post-114","page","type-page","status-publish","has-post-thumbnail","hentry"],"jetpack_shortlink":"https:\/\/wp.me\/PbrJYO-1Q","jetpack_sharing_enabled":true,"jetpack_likes_enabled":true,"_links":{"self":[{"href":"https:\/\/valladolid.wordcamp.org\/2020\/wp-json\/wp\/v2\/pages\/114","targetHints":{"allow":["GET"]}}],"collection":[{"href":"https:\/\/valladolid.wordcamp.org\/2020\/wp-json\/wp\/v2\/pages"}],"about":[{"href":"https:\/\/valladolid.wordcamp.org\/2020\/wp-json\/wp\/v2\/types\/page"}],"author":[{"embeddable":true,"href":"https:\/\/valladolid.wordcamp.org\/2020\/wp-json\/wp\/v2\/users\/10392652"}],"replies":[{"embeddable":true,"href":"https:\/\/valladolid.wordcamp.org\/2020\/wp-json\/wp\/v2\/comments?post=114"}],"version-history":[{"count":31,"href":"https:\/\/valladolid.wordcamp.org\/2020\/wp-json\/wp\/v2\/pages\/114\/revisions"}],"predecessor-version":[{"id":1593,"href":"https:\/\/valladolid.wordcamp.org\/2020\/wp-json\/wp\/v2\/pages\/114\/revisions\/1593"}],"wp:featuredmedia":[{"embeddable":true,"href":"https:\/\/valladolid.wordcamp.org\/2020\/wp-json\/wp\/v2\/media\/209"}],"wp:attachment":[{"href":"https:\/\/valladolid.wordcamp.org\/2020\/wp-json\/wp\/v2\/media?parent=114"}],"curies":[{"name":"wp","href":"https:\/\/api.w.org\/{rel}","templated":true}]}}