{"id":11,"date":"2019-11-06T14:29:17","date_gmt":"2019-11-06T13:29:17","guid":{"rendered":"https:\/\/2020.valladolid.wordcamp.org\/location\/"},"modified":"2019-12-24T11:30:05","modified_gmt":"2019-12-24T10:30:05","slug":"ubicacion","status":"publish","type":"page","link":"https:\/\/valladolid.wordcamp.org\/2020\/evento\/ubicacion\/","title":{"rendered":"Ubicaci\u00f3n"},"content":{"rendered":"\n<p class=\"wp-block-paragraph\">Entre el r\u00edo Pisuerga y la avenida de Salamanca y en lo que fuera la antigua f\u00e1brica de harinas de el Palero se encuentra el <a rel=\"noreferrer noopener\" aria-label=\"Museo de la Ciencia de Valladolid (abre en una nueva pesta\u00f1a)\" href=\"http:\/\/www.museocienciavalladolid.es\" target=\"_blank\">Museo de la Ciencia de Valladolid<\/a> que alberga la WordCamp Valladolid 2020.<\/p>\n\n\n\n<figure class=\"wp-block-image alignwide size-large\"><img loading=\"lazy\" decoding=\"async\" width=\"1000\" height=\"800\" src=\"https:\/\/2020.valladolid.wordcamp.org\/files\/2019\/12\/museo-ciencia-va-exterior.jpg\" alt=\"\" class=\"wp-image-331\" srcset=\"https:\/\/valladolid.wordcamp.org\/2020\/files\/2019\/12\/museo-ciencia-va-exterior.jpg 1000w, https:\/\/valladolid.wordcamp.org\/2020\/files\/2019\/12\/museo-ciencia-va-exterior-300x240.jpg 300w, https:\/\/valladolid.wordcamp.org\/2020\/files\/2019\/12\/museo-ciencia-va-exterior-768x614.jpg 768w, https:\/\/valladolid.wordcamp.org\/2020\/files\/2019\/12\/museo-ciencia-va-exterior-375x300.jpg 375w\" sizes=\"auto, (max-width: 1000px) 100vw, 1000px\" \/><\/figure>\n\n\n\n<h3 class=\"wp-block-heading\">\u00bfC\u00f3mo llegar al Museo?<\/h3>\n\n\n\n<div class=\"googlemaps\">\n\t\t\t\t<iframe loading=\"lazy\" width=\"800\" height=\"600\" frameborder=\"0\" scrolling=\"no\" marginheight=\"0\" marginwidth=\"0\"  src=\"https:\/\/www.google.com\/maps\/embed?pb=!1m18!1m12!1m3!1d2981.8465075699755!2d-4.748093083918968!3d41.637449088417355!2m3!1f0!2f0!3f0!3m2!1i1024!2i768!4f13.1!3m3!1m2!1s0xd476d3f162901cd:0xb09e2ab2b794076a!2sMuseo%20de%20la%20Ciencia%20de%20Valladolid!5e0!3m2!1ses!2ses!4v1576609531639!5m2!1ses!2ses\"><\/iframe>\n\t\t\t<\/div>\n\n\n\n<p class=\"wp-block-paragraph\">Av. de Salamanca, 59<br>47014 Valladolid <br>Castilla y Le\u00f3n &#8211; Espa\u00f1a<\/p>\n\n\n\n<p class=\"wp-block-paragraph\"><strong>En autob\u00fas:<\/strong> l\u00edneas 1, 2, 5, 7, 8, 9, SC, C1 y C2.<br><strong><br>En coche:<\/strong> situado en la avenida de Salamanca de Valladolid, el Museo dispone de aparcamiento propio, que puede ser utilizado gratuitamente por sus visitantes.<\/p>\n\n\n\n<p class=\"wp-block-paragraph\"><strong>Por Ferrocarril:<\/strong> RENFE Estaci\u00f3n de Valladolid Campo Grande.<\/p>\n\n\n\n<p class=\"wp-block-paragraph\"><strong>Desde el Aeropuerto: Aeropuerto de Villanubla:<\/strong> A 15 Km. del centro de la ciudad.<\/p>\n","protected":false},"excerpt":{"rendered":"<p>Entre el r\u00edo Pisuerga y la avenida de Salamanca y en lo que fuera la antigua f\u00e1brica de harinas de el Palero se encuentra el Museo de la Ciencia de Valladolid que alberga la WordCamp Valladolid 2020. \u00bfC\u00f3mo llegar al Museo? Av. de Salamanca, 5947014 Valladolid Castilla y Le\u00f3n &#8211; Espa\u00f1a En autob\u00fas: l\u00edneas 1, [&hellip;]<\/p>\n","protected":false},"author":10392652,"featured_media":0,"parent":122,"menu_order":0,"comment_status":"closed","ping_status":"closed","template":"","meta":{"_crdt_document":"","jetpack_post_was_ever_published":false,"footnotes":""},"class_list":["post-11","page","type-page","status-publish","hentry"],"jetpack_shortlink":"https:\/\/wp.me\/PbrJYO-b","jetpack_sharing_enabled":true,"jetpack_likes_enabled":true,"_links":{"self":[{"href":"https:\/\/valladolid.wordcamp.org\/2020\/wp-json\/wp\/v2\/pages\/11","targetHints":{"allow":["GET"]}}],"collection":[{"href":"https:\/\/valladolid.wordcamp.org\/2020\/wp-json\/wp\/v2\/pages"}],"about":[{"href":"https:\/\/valladolid.wordcamp.org\/2020\/wp-json\/wp\/v2\/types\/page"}],"author":[{"embeddable":true,"href":"https:\/\/valladolid.wordcamp.org\/2020\/wp-json\/wp\/v2\/users\/10392652"}],"replies":[{"embeddable":true,"href":"https:\/\/valladolid.wordcamp.org\/2020\/wp-json\/wp\/v2\/comments?post=11"}],"version-history":[{"count":6,"href":"https:\/\/valladolid.wordcamp.org\/2020\/wp-json\/wp\/v2\/pages\/11\/revisions"}],"predecessor-version":[{"id":457,"href":"https:\/\/valladolid.wordcamp.org\/2020\/wp-json\/wp\/v2\/pages\/11\/revisions\/457"}],"up":[{"embeddable":true,"href":"https:\/\/valladolid.wordcamp.org\/2020\/wp-json\/wp\/v2\/pages\/122"}],"wp:attachment":[{"href":"https:\/\/valladolid.wordcamp.org\/2020\/wp-json\/wp\/v2\/media?parent=11"}],"curies":[{"name":"wp","href":"https:\/\/api.w.org\/{rel}","templated":true}]}}