{"id":10,"date":"2019-11-06T14:29:17","date_gmt":"2019-11-06T13:29:17","guid":{"rendered":"https:\/\/2020.valladolid.wordcamp.org\/sponsors\/"},"modified":"2020-02-16T14:32:54","modified_gmt":"2020-02-16T13:32:54","slug":"patrocinadores","status":"publish","type":"page","link":"https:\/\/valladolid.wordcamp.org\/2020\/evento\/patrocinadores\/","title":{"rendered":"Patrocinadores"},"content":{"rendered":"\n<p class=\"wp-block-paragraph\">Esenciales para la organizaci\u00f3n de cualquier evento, los patrocinadores son a\u00fan m\u00e1s importantes en eventos sin \u00e1nimo de lucro, como una WordCamp.<\/p>\n\n\n\n<p class=\"wp-block-paragraph\">Gracias a su ayuda podemos crear una gran experiencia para nuestros asistentes a la vez que mantener un precio econ\u00f3mico que no deje fuera a nadie. As\u00ed que\u2026 <\/p>\n\n\n\n<hr class=\"wp-block-separator has-text-color has-background has-accent-background-color has-accent-color\" \/>\n\n\n\n<h3 class=\"has-text-align-center wp-block-heading\">Gran Reserva<\/h3>\n\n\n<ul class=\"wordcamp-block wordcamp-post-list has-layout-grid wordcamp-sponsors alignwide has-grid-columns-2\"><li class=\"wordcamp-post-list__post wordcamp-clearfix\">\n<div class=\"wordcamp-sponsor wordcamp-sponsors__post slug-jetpack\">\n\t\t\t<h3 class=\"wordcamp-block__item-title wordcamp-sponsors__title\" style=\"text-align:center\"><a href=\"https:\/\/valladolid.wordcamp.org\/2020\/sponsor\/jetpack\/\">Jetpack<\/a><\/h3>\t\n\t\t\t<div class=\"wordcamp-image__featured-image-container wordcamp-sponsors__featured-image wordcamp-sponsors__logo align-center\"><a href=\"https:\/\/valladolid.wordcamp.org\/2020\/sponsor\/jetpack\/\" class=\"wordcamp-image__featured-image-link\"><img loading=\"lazy\" decoding=\"async\" width=\"450\" height=\"124\" src=\"https:\/\/valladolid.wordcamp.org\/2020\/files\/2020\/02\/Jetpack_Horizontal_RGB_500.png\" class=\"wordcamp-image__featured-image wp-post-image\" alt=\"Jetpack_Horizontal\" srcset=\"https:\/\/valladolid.wordcamp.org\/2020\/files\/2020\/02\/Jetpack_Horizontal_RGB_500.png 500w, https:\/\/valladolid.wordcamp.org\/2020\/files\/2020\/02\/Jetpack_Horizontal_RGB_500-300x83.png 300w\" sizes=\"auto, (max-width: 450px) 100vw, 450px\" \/><\/a><\/div>\t\n\t\t\t<div class=\"wordcamp-block__item-content wordcamp-sponsors__content is-excerpt\"><p>Jetpack is a powerful collection of security and performance tools made for WordPress sites by the WordPress experts. Proven security tools keep your site backed up, online, and hack-free. Fast-loading pages mean happier visitors. Everything in a single package \u2014 so you can focus on your business. Learn how Jetpack helps you secure and speed &hellip; <\/p>\n<\/div>\t<\/div>\n\n<\/li><li class=\"wordcamp-post-list__post wordcamp-clearfix\">\n<div class=\"wordcamp-sponsor wordcamp-sponsors__post slug-siteground\">\n\t\t\t<h3 class=\"wordcamp-block__item-title wordcamp-sponsors__title\" style=\"text-align:center\"><a href=\"https:\/\/valladolid.wordcamp.org\/2020\/sponsor\/siteground\/\">SiteGround<\/a><\/h3>\t\n\t\t\t<div class=\"wordcamp-image__featured-image-container wordcamp-sponsors__featured-image wordcamp-sponsors__logo align-center\"><a href=\"https:\/\/valladolid.wordcamp.org\/2020\/sponsor\/siteground\/\" class=\"wordcamp-image__featured-image-link\"><img loading=\"lazy\" decoding=\"async\" width=\"449\" height=\"127\" src=\"https:\/\/valladolid.wordcamp.org\/2020\/files\/2020\/01\/Web-color-black-transparent-500x141.png\" class=\"wordcamp-image__featured-image wp-post-image\" alt=\"logo SiteGound\" srcset=\"https:\/\/valladolid.wordcamp.org\/2020\/files\/2020\/01\/Web-color-black-transparent-500x141.png 500w, https:\/\/valladolid.wordcamp.org\/2020\/files\/2020\/01\/Web-color-black-transparent-300x84.png 300w, https:\/\/valladolid.wordcamp.org\/2020\/files\/2020\/01\/Web-color-black-transparent-1024x288.png 1024w, https:\/\/valladolid.wordcamp.org\/2020\/files\/2020\/01\/Web-color-black-transparent-768x216.png 768w, https:\/\/valladolid.wordcamp.org\/2020\/files\/2020\/01\/Web-color-black-transparent-1200x338.png 1200w, https:\/\/valladolid.wordcamp.org\/2020\/files\/2020\/01\/Web-color-black-transparent.png 1280w\" sizes=\"auto, (max-width: 449px) 100vw, 449px\" \/><\/a><\/div>\t\n\t\t\t<div class=\"wordcamp-block__item-content wordcamp-sponsors__content is-excerpt\"><p>El&nbsp;hosting de SiteGround&nbsp;es tu billete a una web de alto rendimiento f\u00e1cil de administrar. Nuestros sofisticados servicios de hosting est\u00e1n dise\u00f1ados para webs personales, negocios online y proyectos empresariales, y traen herramientas espec\u00edficas para WordPress que les encantan a los clientes. Comenzar o migrar una web, optimizar el rendimiento y administrar una web nunca ha &hellip; <\/p>\n<\/div>\t<\/div>\n\n<\/li><li class=\"wordcamp-post-list__post wordcamp-clearfix\">\n<div class=\"wordcamp-sponsor wordcamp-sponsors__post slug-woocommerce\">\n\t\t\t<h3 class=\"wordcamp-block__item-title wordcamp-sponsors__title\" style=\"text-align:center\"><a href=\"https:\/\/valladolid.wordcamp.org\/2020\/sponsor\/woocommerce\/\">WooCommerce<\/a><\/h3>\t\n\t\t\t<div class=\"wordcamp-image__featured-image-container wordcamp-sponsors__featured-image wordcamp-sponsors__logo align-center\"><a href=\"https:\/\/valladolid.wordcamp.org\/2020\/sponsor\/woocommerce\/\" class=\"wordcamp-image__featured-image-link\"><img loading=\"lazy\" decoding=\"async\" width=\"450\" height=\"133\" src=\"https:\/\/valladolid.wordcamp.org\/2020\/files\/2020\/02\/logo-woocommerce-black-500x148.png\" class=\"wordcamp-image__featured-image wp-post-image\" alt=\"logo-woocommerce-black\" srcset=\"https:\/\/valladolid.wordcamp.org\/2020\/files\/2020\/02\/logo-woocommerce-black-500x148.png 500w, https:\/\/valladolid.wordcamp.org\/2020\/files\/2020\/02\/logo-woocommerce-black-300x89.png 300w, https:\/\/valladolid.wordcamp.org\/2020\/files\/2020\/02\/logo-woocommerce-black.png 510w\" sizes=\"auto, (max-width: 450px) 100vw, 450px\" \/><\/a><\/div>\t\n\t\t\t<div class=\"wordcamp-block__item-content wordcamp-sponsors__content is-excerpt\"><p>WooCommerce is the most customizable eCommerce platform to build exactly the store you want. From physical products to digital downloads, services, and subscriptions, sell worldwide with the freedom of WordPress. WooCommerce is developed and supported by a distributed team at Automattic, creators of Jetpack and WordPress.com. For more go to WooCommerce.com. 5+ million active installations &hellip; <\/p>\n<\/div>\t<\/div>\n\n<\/li><\/ul>\n\n\n<hr class=\"wp-block-separator has-text-color has-background has-accent-background-color has-accent-color\" \/>\n\n\n\n<h3 class=\"has-text-align-center wp-block-heading\">Reserva<\/h3>\n\n\n<ul class=\"wordcamp-block wordcamp-post-list has-layout-grid wordcamp-sponsors alignwide has-grid-columns-2\"><li class=\"wordcamp-post-list__post wordcamp-clearfix\">\n<div class=\"wordcamp-sponsor wordcamp-sponsors__post slug-bluehost\">\n\t\t\t<h3 class=\"wordcamp-block__item-title wordcamp-sponsors__title\" style=\"text-align:center\"><a href=\"https:\/\/valladolid.wordcamp.org\/2020\/sponsor\/bluehost\/\">Bluehost<\/a><\/h3>\t\n\t\t\t<div class=\"wordcamp-image__featured-image-container wordcamp-sponsors__featured-image wordcamp-sponsors__logo align-center\"><a href=\"https:\/\/valladolid.wordcamp.org\/2020\/sponsor\/bluehost\/\" class=\"wordcamp-image__featured-image-link\"><img loading=\"lazy\" decoding=\"async\" width=\"449\" height=\"95\" src=\"https:\/\/valladolid.wordcamp.org\/2020\/files\/2020\/02\/bh_logo_2015-500x105.png\" class=\"wordcamp-image__featured-image wp-post-image\" alt=\"bh_logo_2015\" srcset=\"https:\/\/valladolid.wordcamp.org\/2020\/files\/2020\/02\/bh_logo_2015-500x105.png 500w, https:\/\/valladolid.wordcamp.org\/2020\/files\/2020\/02\/bh_logo_2015-300x63.png 300w, https:\/\/valladolid.wordcamp.org\/2020\/files\/2020\/02\/bh_logo_2015.png 651w\" sizes=\"auto, (max-width: 449px) 100vw, 449px\" \/><\/a><\/div>\t\n\t\t\t<div class=\"wordcamp-block__item-content wordcamp-sponsors__content is-excerpt\"><p>Bluehost has been a WordPress partner since 2005, and powers over 2 million websites across the world with reliable hosting and personalized guidance. By leveraging the power of WordPress, Bluehost provides the fast website creation methods coupled with intuitive management tools. From secure automated WordPress installations to advanced marketing tools and services, and access to &hellip; <\/p>\n<\/div>\t<\/div>\n\n<\/li><li class=\"wordcamp-post-list__post wordcamp-clearfix\">\n<div class=\"wordcamp-sponsor wordcamp-sponsors__post slug-godaddy\">\n\t\t\t<h3 class=\"wordcamp-block__item-title wordcamp-sponsors__title\" style=\"text-align:center\"><a href=\"https:\/\/valladolid.wordcamp.org\/2020\/sponsor\/godaddy\/\">GoDaddy<\/a><\/h3>\t\n\t\t\t<div class=\"wordcamp-image__featured-image-container wordcamp-sponsors__featured-image wordcamp-sponsors__logo align-center\"><a href=\"https:\/\/valladolid.wordcamp.org\/2020\/sponsor\/godaddy\/\" class=\"wordcamp-image__featured-image-link\"><img loading=\"lazy\" decoding=\"async\" width=\"450\" height=\"113\" src=\"https:\/\/valladolid.wordcamp.org\/2020\/files\/2019\/11\/GD_LOCKUP_RGB_BLACK-500x126.png\" class=\"wordcamp-image__featured-image wp-post-image\" alt=\"Logo GoDaddy\" srcset=\"https:\/\/valladolid.wordcamp.org\/2020\/files\/2019\/11\/GD_LOCKUP_RGB_BLACK-500x126.png 500w, https:\/\/valladolid.wordcamp.org\/2020\/files\/2019\/11\/GD_LOCKUP_RGB_BLACK-300x75.png 300w, https:\/\/valladolid.wordcamp.org\/2020\/files\/2019\/11\/GD_LOCKUP_RGB_BLACK-1024x258.png 1024w, https:\/\/valladolid.wordcamp.org\/2020\/files\/2019\/11\/GD_LOCKUP_RGB_BLACK-768x193.png 768w, https:\/\/valladolid.wordcamp.org\/2020\/files\/2019\/11\/GD_LOCKUP_RGB_BLACK-1536x386.png 1536w, https:\/\/valladolid.wordcamp.org\/2020\/files\/2019\/11\/GD_LOCKUP_RGB_BLACK-2048x515.png 2048w, https:\/\/valladolid.wordcamp.org\/2020\/files\/2019\/11\/GD_LOCKUP_RGB_BLACK-1200x302.png 1200w, https:\/\/valladolid.wordcamp.org\/2020\/files\/2019\/11\/GD_LOCKUP_RGB_BLACK-1980x498.png 1980w\" sizes=\"auto, (max-width: 450px) 100vw, 450px\" \/><\/a><\/div>\t\n\t\t\t<div class=\"wordcamp-block__item-content wordcamp-sponsors__content is-excerpt\"><p>TODAS LAS HERRAMIENTAS QUE NECESITAS PRAR TRIUNFAR ONLINE&nbsp; GoDaddy es el referente mundial en dominios y creaci\u00f3n de p\u00e1ginas web que empodera a los emprendedores en su d\u00eda a d\u00eda Con cerca de 19 millones de clientes y m\u00e1s de 78 millones de dominios activos bajo gesti\u00f3n, GoDaddy es el lugar al que acuden las &hellip; <\/p>\n<\/div>\t<\/div>\n\n<\/li><li class=\"wordcamp-post-list__post wordcamp-clearfix\">\n<div class=\"wordcamp-sponsor wordcamp-sponsors__post slug-vital-innova\">\n\t\t\t<h3 class=\"wordcamp-block__item-title wordcamp-sponsors__title\" style=\"text-align:center\"><a href=\"https:\/\/valladolid.wordcamp.org\/2020\/sponsor\/vital-innova\/\">Vital Innova<\/a><\/h3>\t\n\t\t\t<div class=\"wordcamp-image__featured-image-container wordcamp-sponsors__featured-image wordcamp-sponsors__logo align-center\"><a href=\"https:\/\/valladolid.wordcamp.org\/2020\/sponsor\/vital-innova\/\" class=\"wordcamp-image__featured-image-link\"><img loading=\"lazy\" decoding=\"async\" width=\"450\" height=\"210\" src=\"https:\/\/valladolid.wordcamp.org\/2020\/files\/2020\/01\/vitalinnova-marketing-online-logo-big-500x234.jpg\" class=\"wordcamp-image__featured-image wp-post-image\" alt=\"vitalinnova-marketing-online-logo-big\" srcset=\"https:\/\/valladolid.wordcamp.org\/2020\/files\/2020\/01\/vitalinnova-marketing-online-logo-big-500x234.jpg 500w, https:\/\/valladolid.wordcamp.org\/2020\/files\/2020\/01\/vitalinnova-marketing-online-logo-big-300x140.jpg 300w, https:\/\/valladolid.wordcamp.org\/2020\/files\/2020\/01\/vitalinnova-marketing-online-logo-big-1024x478.jpg 1024w, https:\/\/valladolid.wordcamp.org\/2020\/files\/2020\/01\/vitalinnova-marketing-online-logo-big-768x359.jpg 768w, https:\/\/valladolid.wordcamp.org\/2020\/files\/2020\/01\/vitalinnova-marketing-online-logo-big.jpg 1199w\" sizes=\"auto, (max-width: 450px) 100vw, 450px\" \/><\/a><\/div>\t\n\t\t\t<div class=\"wordcamp-block__item-content wordcamp-sponsors__content is-excerpt\"><p>\u201cSi no tienes una web, no existes\u201d. Cu\u00e1nta raz\u00f3n ten\u00edan\u2026 Si, ten\u00edan. En pasado. Ahora ya no alcanza con una web. Esta tiene que ser bonita, r\u00e1pida, accesible, bien posicionada en Google y unos cientos de etc\u00e9teras m\u00e1s. Por suerte, muchos de esos etc\u00e9teras los resuelve WordPress a las mil maravillas. Por eso, en Vital &hellip; <\/p>\n<\/div>\t<\/div>\n\n<\/li><li class=\"wordcamp-post-list__post wordcamp-clearfix\">\n<div class=\"wordcamp-sponsor wordcamp-sponsors__post slug-webempresa\">\n\t\t\t<h3 class=\"wordcamp-block__item-title wordcamp-sponsors__title\" style=\"text-align:center\"><a href=\"https:\/\/valladolid.wordcamp.org\/2020\/sponsor\/webempresa\/\">Webempresa<\/a><\/h3>\t\n\t\t\t<div class=\"wordcamp-image__featured-image-container wordcamp-sponsors__featured-image wordcamp-sponsors__logo align-center\"><a href=\"https:\/\/valladolid.wordcamp.org\/2020\/sponsor\/webempresa\/\" class=\"wordcamp-image__featured-image-link\"><img loading=\"lazy\" decoding=\"async\" width=\"449\" height=\"73\" src=\"https:\/\/valladolid.wordcamp.org\/2020\/files\/2020\/01\/webempresa-500x81.png\" class=\"wordcamp-image__featured-image wp-post-image\" alt=\"Logo Webempresa\" srcset=\"https:\/\/valladolid.wordcamp.org\/2020\/files\/2020\/01\/webempresa-500x81.png 500w, https:\/\/valladolid.wordcamp.org\/2020\/files\/2020\/01\/webempresa-300x49.png 300w, https:\/\/valladolid.wordcamp.org\/2020\/files\/2020\/01\/webempresa.png 766w\" sizes=\"auto, (max-width: 449px) 100vw, 449px\" \/><\/a><\/div>\t\n\t\t\t<div class=\"wordcamp-block__item-content wordcamp-sponsors__content is-excerpt\"><p>Tienes muchas cosas que contar \u00bfverdad? as\u00ed que ponte manos a la obra que con WordPress y Webempresa puedes enviar f\u00e1cilmente tu mensaje al mundo. Podemos hablarte de las maravillas t\u00e9cnicas de nuestros servidores, pero de lo que realmente estamos orgullosos es de nuestro equipo. Tanto si necesitas alojamiento para WordPress como un hosting para &hellip; <\/p>\n<\/div>\t<\/div>\n\n<\/li><li class=\"wordcamp-post-list__post wordcamp-clearfix\">\n<div class=\"wordcamp-sponsor wordcamp-sponsors__post slug-weglot\">\n\t\t\t<h3 class=\"wordcamp-block__item-title wordcamp-sponsors__title\" style=\"text-align:center\"><a href=\"https:\/\/valladolid.wordcamp.org\/2020\/sponsor\/weglot\/\">Weglot<\/a><\/h3>\t\n\t\t\t<div class=\"wordcamp-image__featured-image-container wordcamp-sponsors__featured-image wordcamp-sponsors__logo align-center\"><a href=\"https:\/\/valladolid.wordcamp.org\/2020\/sponsor\/weglot\/\" class=\"wordcamp-image__featured-image-link\"><img loading=\"lazy\" decoding=\"async\" width=\"450\" height=\"88\" src=\"https:\/\/valladolid.wordcamp.org\/2020\/files\/2020\/01\/logo-weglot-500x98.png\" class=\"wordcamp-image__featured-image wp-post-image\" alt=\"logo weglot\" srcset=\"https:\/\/valladolid.wordcamp.org\/2020\/files\/2020\/01\/logo-weglot-500x98.png 500w, https:\/\/valladolid.wordcamp.org\/2020\/files\/2020\/01\/logo-weglot-300x59.png 300w, https:\/\/valladolid.wordcamp.org\/2020\/files\/2020\/01\/logo-weglot-1024x201.png 1024w, https:\/\/valladolid.wordcamp.org\/2020\/files\/2020\/01\/logo-weglot-768x151.png 768w, https:\/\/valladolid.wordcamp.org\/2020\/files\/2020\/01\/logo-weglot-1536x302.png 1536w, https:\/\/valladolid.wordcamp.org\/2020\/files\/2020\/01\/logo-weglot-1200x236.png 1200w, https:\/\/valladolid.wordcamp.org\/2020\/files\/2020\/01\/logo-weglot.png 1668w\" sizes=\"auto, (max-width: 450px) 100vw, 450px\" \/><\/a><\/div>\t\n\t\t\t<div class=\"wordcamp-block__item-content wordcamp-sponsors__content is-excerpt\"><p>Creado para simplificar el proceso de traducci\u00f3n &#8211;\u00a0el plugin de Weglot\u00a0es una manera segura y f\u00e1cil de hacer que tu sitio de WordPress sea multiling\u00fce en pocos minutos. Instalaci\u00f3n r\u00e1pida y sin complicaciones- sin necesidad de codificaci\u00f3n y sin requerir tiempo de desarrollo. Utilice la interfaz sencilla de Weglot para organizar sus traducciones y encargar &hellip; <\/p>\n<\/div>\t<\/div>\n\n<\/li><\/ul>\n\n\n<hr class=\"wp-block-separator has-text-color has-background has-accent-background-color has-accent-color\" \/>\n\n\n\n<h3 class=\"has-text-align-center wp-block-heading\">Crianza<\/h3>\n\n\n<ul class=\"wordcamp-block wordcamp-post-list has-layout-grid wordcamp-sponsors alignwide has-grid-columns-3\"><li class=\"wordcamp-post-list__post wordcamp-clearfix\">\n<div class=\"wordcamp-sponsor wordcamp-sponsors__post slug-arsys\">\n\t\t\t<h3 class=\"wordcamp-block__item-title wordcamp-sponsors__title\" style=\"text-align:center\"><a href=\"https:\/\/valladolid.wordcamp.org\/2020\/sponsor\/arsys\/\">Arsys<\/a><\/h3>\t\n\t\t\t<div class=\"wordcamp-image__featured-image-container wordcamp-sponsors__featured-image wordcamp-sponsors__logo align-none\"><a href=\"https:\/\/valladolid.wordcamp.org\/2020\/sponsor\/arsys\/\" class=\"wordcamp-image__featured-image-link\"><img loading=\"lazy\" decoding=\"async\" width=\"300\" height=\"135\" src=\"https:\/\/valladolid.wordcamp.org\/2020\/files\/2020\/01\/logo-arsys-300x135.png\" class=\"wordcamp-image__featured-image wp-post-image\" alt=\"logo arsys\" srcset=\"https:\/\/valladolid.wordcamp.org\/2020\/files\/2020\/01\/logo-arsys-300x135.png 300w, https:\/\/valladolid.wordcamp.org\/2020\/files\/2020\/01\/logo-arsys-500x225.png 500w, https:\/\/valladolid.wordcamp.org\/2020\/files\/2020\/01\/logo-arsys.png 730w\" sizes=\"auto, (max-width: 300px) 100vw, 300px\" \/><\/a><\/div>\t\n\t\t\t<div class=\"wordcamp-block__item-content wordcamp-sponsors__content is-excerpt\"><p>Sobre Arsys Arsys es el Proveedor de Servicios Cloud Computing que lidera el mercado espa\u00f1ol de soluciones de Internet para empresas y profesionales IT. Pionero del Cloud Hosting en Europa gracias a su compromiso con la innovaci\u00f3n, Arsys facilita la integraci\u00f3n de las Tecnolog\u00edas de la Informaci\u00f3n en el negocio a trav\u00e9s de una amplia &hellip; <\/p>\n<\/div>\t<\/div>\n\n<\/li><li class=\"wordcamp-post-list__post wordcamp-clearfix\">\n<div class=\"wordcamp-sponsor wordcamp-sponsors__post slug-brooktec\">\n\t\t\t<h3 class=\"wordcamp-block__item-title wordcamp-sponsors__title\" style=\"text-align:center\"><a href=\"https:\/\/valladolid.wordcamp.org\/2020\/sponsor\/brooktec\/\">Brooktec<\/a><\/h3>\t\n\t\t\t<div class=\"wordcamp-image__featured-image-container wordcamp-sponsors__featured-image wordcamp-sponsors__logo align-none\"><a href=\"https:\/\/valladolid.wordcamp.org\/2020\/sponsor\/brooktec\/\" class=\"wordcamp-image__featured-image-link\"><img loading=\"lazy\" decoding=\"async\" width=\"300\" height=\"52\" src=\"https:\/\/valladolid.wordcamp.org\/2020\/files\/2020\/01\/logo-brooktec-300x52.png\" class=\"wordcamp-image__featured-image wp-post-image\" alt=\"logo brooktec\" srcset=\"https:\/\/valladolid.wordcamp.org\/2020\/files\/2020\/01\/logo-brooktec-300x52.png 300w, https:\/\/valladolid.wordcamp.org\/2020\/files\/2020\/01\/logo-brooktec.png 500w\" sizes=\"auto, (max-width: 300px) 100vw, 300px\" \/><\/a><\/div>\t\n\t\t\t<div class=\"wordcamp-block__item-content wordcamp-sponsors__content is-excerpt\"><p>Brooktec\u00a0is a software development agency founded in 2014. With more than 25 members in the team and two main locations, Madrid and Valladolid, Brooktec has become a reference in Valladolid, software development eco-system. Since foundation, Brooktec has worked with more than 50 customers, among Digital Agencies, leading startups, financial companies and e-commerce platforms. Brooktec uses &hellip; <\/p>\n<\/div>\t<\/div>\n\n<\/li><li class=\"wordcamp-post-list__post wordcamp-clearfix\">\n<div class=\"wordcamp-sponsor wordcamp-sponsors__post slug-desafio-digital\">\n\t\t\t<h3 class=\"wordcamp-block__item-title wordcamp-sponsors__title\" style=\"text-align:center\"><a href=\"https:\/\/valladolid.wordcamp.org\/2020\/sponsor\/desafio-digital\/\">Desaf\u00edo digital<\/a><\/h3>\t\n\t\t\t<div class=\"wordcamp-image__featured-image-container wordcamp-sponsors__featured-image wordcamp-sponsors__logo align-none\"><a href=\"https:\/\/valladolid.wordcamp.org\/2020\/sponsor\/desafio-digital\/\" class=\"wordcamp-image__featured-image-link\"><img loading=\"lazy\" decoding=\"async\" width=\"300\" height=\"66\" src=\"https:\/\/valladolid.wordcamp.org\/2020\/files\/2019\/12\/logo-desafio-digital-300x66.png\" class=\"wordcamp-image__featured-image wp-post-image\" alt=\"Logo Desaf\u00edo Digital\" srcset=\"https:\/\/valladolid.wordcamp.org\/2020\/files\/2019\/12\/logo-desafio-digital-300x66.png 300w, https:\/\/valladolid.wordcamp.org\/2020\/files\/2019\/12\/logo-desafio-digital.png 384w\" sizes=\"auto, (max-width: 300px) 100vw, 300px\" \/><\/a><\/div>\t\n\t\t\t<div class=\"wordcamp-block__item-content wordcamp-sponsors__content is-excerpt\"><p>Especializados desde 2005 en desarrollo y asesoramiento WEB sobre WordPress y V\u00cdDEO DIGITAL. En la WordCamp Valladolid, Julio y Fernando dirigir\u00e1n los dos equipos de realizaci\u00f3n de v\u00eddeo en directo para tener todas las ponencias disponibles para su publicaci\u00f3n en WordPress TV. Adem\u00e1s, ambos presentan un podcast semanal sobre WooCommerce\u00ae y comercio electr\u00f3nico:\u00a0WPcommerce f\u00e1cil Conoce &hellip; <\/p>\n<\/div>\t<\/div>\n\n<\/li><li class=\"wordcamp-post-list__post wordcamp-clearfix\">\n<div class=\"wordcamp-sponsor wordcamp-sponsors__post slug-dinahosting\">\n\t\t\t<h3 class=\"wordcamp-block__item-title wordcamp-sponsors__title\" style=\"text-align:center\"><a href=\"https:\/\/valladolid.wordcamp.org\/2020\/sponsor\/dinahosting\/\">Dinahosting<\/a><\/h3>\t\n\t\t\t<div class=\"wordcamp-image__featured-image-container wordcamp-sponsors__featured-image wordcamp-sponsors__logo align-none\"><a href=\"https:\/\/valladolid.wordcamp.org\/2020\/sponsor\/dinahosting\/\" class=\"wordcamp-image__featured-image-link\"><img loading=\"lazy\" decoding=\"async\" width=\"300\" height=\"66\" src=\"https:\/\/valladolid.wordcamp.org\/2020\/files\/2020\/01\/logo-color-grande-300x66.png\" class=\"wordcamp-image__featured-image wp-post-image\" alt=\"Dinahosting\" srcset=\"https:\/\/valladolid.wordcamp.org\/2020\/files\/2020\/01\/logo-color-grande-300x66.png 300w, https:\/\/valladolid.wordcamp.org\/2020\/files\/2020\/01\/logo-color-grande-768x169.png 768w, https:\/\/valladolid.wordcamp.org\/2020\/files\/2020\/01\/logo-color-grande-500x110.png 500w, https:\/\/valladolid.wordcamp.org\/2020\/files\/2020\/01\/logo-color-grande.png 935w\" sizes=\"auto, (max-width: 300px) 100vw, 300px\" \/><\/a><\/div>\t\n\t\t\t<div class=\"wordcamp-block__item-content wordcamp-sponsors__content is-excerpt\"><p>En&nbsp;dinahosting&nbsp;llevamos en esto desde 2001, siendo diferentes, ilusion\u00e1ndonos y aprendiendo. Nuestras ganas de hacer comunidad nos han llevado a apoyar varios grupos y meetups locales de WordPress as\u00ed como a patrocinar varias de las WordCamps m\u00e1s importantes del estado. Tambi\u00e9n hemos introducido cambios en la parte t\u00e9cnica: la evoluci\u00f3n en el hardware, los mejores sistemas &hellip; <\/p>\n<\/div>\t<\/div>\n\n<\/li><\/ul>\n\n\n<p style=\"color:#991c50\" class=\"has-text-color has-text-align-center has-larger-font-size wp-block-paragraph\"><strong>\u00a1MUCHAS GRACIAS!<\/strong><\/p>\n","protected":false},"excerpt":{"rendered":"<p>Esenciales para la organizaci\u00f3n de cualquier evento, los patrocinadores son a\u00fan m\u00e1s importantes en eventos sin \u00e1nimo de lucro, como una WordCamp. Gracias a su ayuda podemos crear una gran experiencia para nuestros asistentes a la vez que mantener un precio econ\u00f3mico que no deje fuera a nadie. As\u00ed que\u2026 Gran Reserva Reserva Crianza \u00a1MUCHAS [&hellip;]<\/p>\n","protected":false},"author":10392652,"featured_media":0,"parent":122,"menu_order":0,"comment_status":"closed","ping_status":"closed","template":"","meta":{"_crdt_document":"","jetpack_post_was_ever_published":false,"footnotes":""},"class_list":["post-10","page","type-page","status-publish","hentry"],"jetpack_shortlink":"https:\/\/wp.me\/PbrJYO-a","jetpack_sharing_enabled":true,"jetpack_likes_enabled":true,"_links":{"self":[{"href":"https:\/\/valladolid.wordcamp.org\/2020\/wp-json\/wp\/v2\/pages\/10","targetHints":{"allow":["GET"]}}],"collection":[{"href":"https:\/\/valladolid.wordcamp.org\/2020\/wp-json\/wp\/v2\/pages"}],"about":[{"href":"https:\/\/valladolid.wordcamp.org\/2020\/wp-json\/wp\/v2\/types\/page"}],"author":[{"embeddable":true,"href":"https:\/\/valladolid.wordcamp.org\/2020\/wp-json\/wp\/v2\/users\/10392652"}],"replies":[{"embeddable":true,"href":"https:\/\/valladolid.wordcamp.org\/2020\/wp-json\/wp\/v2\/comments?post=10"}],"version-history":[{"count":17,"href":"https:\/\/valladolid.wordcamp.org\/2020\/wp-json\/wp\/v2\/pages\/10\/revisions"}],"predecessor-version":[{"id":1352,"href":"https:\/\/valladolid.wordcamp.org\/2020\/wp-json\/wp\/v2\/pages\/10\/revisions\/1352"}],"up":[{"embeddable":true,"href":"https:\/\/valladolid.wordcamp.org\/2020\/wp-json\/wp\/v2\/pages\/122"}],"wp:attachment":[{"href":"https:\/\/valladolid.wordcamp.org\/2020\/wp-json\/wp\/v2\/media?parent=10"}],"curies":[{"name":"wp","href":"https:\/\/api.w.org\/{rel}","templated":true}]}}